{"id":1284,"date":"2024-01-02T20:11:22","date_gmt":"2024-01-02T20:11:22","guid":{"rendered":"https:\/\/instel-ing.com\/?page_id=1284"},"modified":"2024-01-05T01:23:58","modified_gmt":"2024-01-05T01:23:58","slug":"clientes","status":"publish","type":"page","link":"https:\/\/instel-ing.com\/?page_id=1284","title":{"rendered":"Clientes"},"content":{"rendered":"<div id=\"tdi_1\" class=\"tdc-zone\"><div class=\"tdc_zone tdi_2  wpb_row td-pb-row\"  >\n<style scoped>\n\/* custom css - generated by TagDiv Composer *\/\n\n\/* custom css - generated by TagDiv Composer *\/\n.tdi_2{\r\n                    min-height: 0;\r\n                }\n<\/style><div id=\"tdi_3\" class=\"tdc-row stretch_row_1200 td-stretch-content\"><div class=\"vc_row tdi_4  wpb_row td-pb-row\" >\n<style scoped>\n\/* custom css - generated by TagDiv Composer *\/\n\n\/* custom css - generated by TagDiv Composer *\/\n.tdi_4,\r\n                .tdi_4 .tdc-columns{\r\n                    min-height: 0;\r\n                }.tdi_4,\r\n\t\t\t\t.tdi_4 .tdc-columns{\r\n\t\t\t\t    display: block;\r\n\t\t\t\t}.tdi_4 .tdc-columns{\r\n\t\t\t\t    width: 100%;\r\n\t\t\t\t}.tdi_4:before,\r\n\t\t\t\t.tdi_4:after{\r\n\t\t\t\t    display: table;\r\n\t\t\t\t}\n<\/style><div class=\"vc_column tdi_6  wpb_column vc_column_container tdc-column td-pb-span12\">\n<style scoped>\n\/* custom css - generated by TagDiv Composer *\/\n\n\/* custom css - generated by TagDiv Composer *\/\n.tdi_6{\r\n                    vertical-align: baseline;\r\n                }.tdi_6 > .wpb_wrapper,\r\n\t\t\t\t.tdi_6 > .wpb_wrapper > .tdc-elements{\r\n\t\t\t\t    display: block;\r\n\t\t\t\t}.tdi_6 > .wpb_wrapper > .tdc-elements{\r\n\t\t\t\t    width: 100%;\r\n\t\t\t\t}.tdi_6 > .wpb_wrapper > .vc_row_inner{\r\n\t\t\t\t    width: auto;\r\n\t\t\t\t}.tdi_6 > .wpb_wrapper{\r\n\t\t\t\t    width: auto;\r\n\t\t\t\t    height: auto;\r\n\t\t\t\t}\n<\/style><div class=\"wpb_wrapper\" ><div class=\"tdm_block td_block_wrap tdm_block_fancy_text_image tdi_7 td_block_fancy_text tdm-layout-default tdm-content-horiz-right tdm-content-vert-top td-pb-border-top td_block_template_1 tdm-mobile-full\"  data-td-block-uid=\"tdi_7\" >\n<style>\n\/* custom css - generated by TagDiv Composer *\/\n.td_block_fancy_text .tdm-fancy-title{\r\n                  font-family: var(--td_default_google_font_2, 'Roboto', sans-serif);\r\n                  font-size: 155px;\r\n                  font-weight: bold;\r\n                  line-height: 106px;\r\n                  letter-spacing: -8px;\r\n                  margin-top: -5px;\r\n                  margin-bottom: -60px;\r\n                }.td_block_fancy_text .tdm-fancy-title span{\r\n                  display: block;\r\n                  word-break: break-word;\r\n                  padding: 10px 10px 47px 0;\r\n                }.td_block_fancy_text .tdm-fancy-title1{\r\n                  color: #333;\r\n                }.td_block_fancy_text .tdm-fancy-title2{\r\n                  color: #fff;\r\n                  text-shadow: 2px 8px 27px rgba(0, 0, 0, 0.1);\r\n                  top: -60px;\r\n                  position: relative;\r\n                }.td_block_fancy_text .tdm-btn{\r\n                  margin-top: 10px;\r\n                  margin-bottom: 10px;\r\n                }.td_block_fancy_text.tdm-content-horiz-center .tdm-fancy-title span{\r\n                  margin: 0 auto;\r\n                }.td_block_fancy_text.tdm-content-horiz-right .tdm-fancy-title span{\r\n                  margin-left: auto;\r\n                }body .tdi_7 .tdm-fancy-title2{\r\n\t\t\t\t\tbackground: -webkit-linear-gradient(0deg,#002493,#00194f);background: linear-gradient(0deg,#002493,#00194f);\r\n\t\t\t\t\t-webkit-background-clip: text;\r\n\t\t\t\t\t-webkit-text-fill-color: transparent;\r\n\t\t\t\t}html[class*='ie'] .tdi_7 .tdm-fancy-title2{\r\n\t\t\t\t    background: none;\r\n\t\t\t\t\tcolor: #00194f;\r\n\t\t\t\t}@media (min-width: 1019px) and (max-width: 1140px) {\r\n                  .td_block_fancy_text .tdm-fancy-title {\r\n                    font-size: 120px;\r\n                    line-height: 80px;\r\n                    letter-spacing: -6px;\r\n                  }\r\n                }@media (min-width: 768px) and (max-width: 1018px) {\r\n                  .td_block_fancy_text .tdm-fancy-title {\r\n                    font-size: 98px;\r\n                    line-height: 70px;\r\n                    letter-spacing: -4px;\r\n                  }\r\n                }@media (max-width: 767px) {\r\n                  .td_block_fancy_text .tdm-fancy-title {\r\n                    font-size: 72px;\r\n                    line-height: 44px;\r\n                    letter-spacing: -4px;\r\n                    margin-top: 40px;\r\n                    margin-bottom: -76px;\r\n                  }\r\n                }@media (max-width: 767px) {\r\n                  .td_block_fancy_text.tdm-flip-yes .tdm-fancy-title,\r\n                  .td_block_fancy_text.tdm-flip-yes .tdm-image {\r\n                    margin-top: 30px;\r\n                  }\r\n                }\n<\/style><div class=\"td-block-width\"><div class=\"td-block-row tdm-row td-fix-index\"><div class=\"td-block-span5 tdm-col tdm-col-img\"><\/div><div class=\"td-block-span7 tdm-col\"><div class=\"tdm-text-wrap tdm-text-padding\"><h3 class=\"tdm-fancy-title\"><span class=\"tdm-fancy-title1\">Nuestros<\/span><span class=\"tdm-fancy-title2\">clientes<\/span><\/h3><p class=\"tdm-descr\">\n\u00a1Descubra nuestras colaboraciones exitosas con algunos de nuestros estimados clientes!<\/p><\/div><\/div><\/div><\/div><\/div><\/div><\/div><\/div><\/div><div id=\"tdi_8\" class=\"tdc-row stretch_row_1200 td-stretch-content\"><div class=\"vc_row tdi_9  wpb_row td-pb-row\" >\n<style scoped>\n\/* custom css - generated by TagDiv Composer *\/\n\n\/* custom css - generated by TagDiv Composer *\/\n.tdi_9,\r\n                .tdi_9 .tdc-columns{\r\n                    min-height: 0;\r\n                }.tdi_9,\r\n\t\t\t\t.tdi_9 .tdc-columns{\r\n\t\t\t\t    display: block;\r\n\t\t\t\t}.tdi_9 .tdc-columns{\r\n\t\t\t\t    width: 100%;\r\n\t\t\t\t}.tdi_9:before,\r\n\t\t\t\t.tdi_9:after{\r\n\t\t\t\t    display: table;\r\n\t\t\t\t}\n<\/style><div class=\"vc_column tdi_11  wpb_column vc_column_container tdc-column td-pb-span12\">\n<style scoped>\n\/* custom css - generated by TagDiv Composer *\/\n\n\/* custom css - generated by TagDiv Composer *\/\n.tdi_11{\r\n                    vertical-align: baseline;\r\n                }.tdi_11 > .wpb_wrapper,\r\n\t\t\t\t.tdi_11 > .wpb_wrapper > .tdc-elements{\r\n\t\t\t\t    display: block;\r\n\t\t\t\t}.tdi_11 > .wpb_wrapper > .tdc-elements{\r\n\t\t\t\t    width: 100%;\r\n\t\t\t\t}.tdi_11 > .wpb_wrapper > .vc_row_inner{\r\n\t\t\t\t    width: auto;\r\n\t\t\t\t}.tdi_11 > .wpb_wrapper{\r\n\t\t\t\t    width: auto;\r\n\t\t\t\t    height: auto;\r\n\t\t\t\t}\n<\/style><div class=\"wpb_wrapper\" ><div class=\"tdm_block td_block_wrap tdm_block_fancy_text_image tdi_12 td_block_fancy_text tdm-layout-default tdm-content-horiz-left tdm-content-vert-top td-pb-border-top td_block_template_1 tdm-mobile-full\"  data-td-block-uid=\"tdi_12\" >\n<style>\n\/* custom css - generated by TagDiv Composer *\/\nbody .tdi_12 .tdm-fancy-title2{\r\n\t\t\t\t\tcolor: #000000;\r\n\t\t\t\t}.tdi_12 .tdm-fancy-title1{\r\n\t\t\t\t\tfont-size:100px !important;font-weight:800 !important;letter-spacing:0.5px !important;\r\n\t\t\t\t}.tdi_12 .tdm-fancy-title2{\r\n\t\t\t\t\tfont-size:80px !important;font-weight:700 !important;letter-spacing:0.5px !important;\r\n\t\t\t\t}.tdi_12 .tdm-descr{\r\n\t\t\t\t\tfont-size:20px !important;line-height:1.5 !important;\r\n\t\t\t\t}\n<\/style><div class=\"td-block-width\"><div class=\"td-block-row tdm-row td-fix-index\"><div class=\"td-block-span5 tdm-col tdm-col-img\"><img loading=\"lazy\" decoding=\"async\" class=\"tdm-image\" src=\"https:\/\/instel-ing.com\/wp-content\/uploads\/2024\/01\/cobra.png\" width=\"1835\" height=\"1864\" title=\"\"><\/div><div class=\"td-block-span7 tdm-col\"><div class=\"tdm-text-wrap tdm-text-padding\"><h3 class=\"tdm-fancy-title\"><span class=\"tdm-fancy-title1\"><\/span><span class=\"tdm-fancy-title2\">COBRA<\/span><\/h3><p class=\"tdm-descr\">Hemos podido colaborar estrechamente en proyectos significativos de expansi\u00f3n de infraestructura el\u00e9ctrica. Nuestra dedicaci\u00f3n a la excelencia se refleja en la contribuci\u00f3n a la ampliaci\u00f3n de su red el\u00e9ctrica, asegurando un suministro confiable y eficiente.<\/p><\/div><\/div><\/div><\/div><\/div><div class=\"tdm_block td_block_wrap tdm_block_fancy_text_image tdi_13 td_block_fancy_text tdm-layout-default tdm-content-horiz-left tdm-content-vert-top td-pb-border-top td_block_template_1 tdm-mobile-full\"  data-td-block-uid=\"tdi_13\" >\n<style>\n\/* custom css - generated by TagDiv Composer *\/\nbody .tdi_13 .tdm-fancy-title2{\r\n\t\t\t\t\tcolor: #000000;\r\n\t\t\t\t}.tdi_13 .tdm-fancy-title1{\r\n\t\t\t\t\tfont-size:100px !important;letter-spacing:0.5px !important;\r\n\t\t\t\t}.tdi_13 .tdm-fancy-title2{\r\n\t\t\t\t\tfont-size:80px !important;letter-spacing:0.5px !important;\r\n\t\t\t\t}.tdi_13 .tdm-descr{\r\n\t\t\t\t\tfont-size:20px !important;line-height:1.5 !important;\r\n\t\t\t\t}\n<\/style><div class=\"td-block-width\"><div class=\"td-block-row tdm-row td-fix-index\"><div class=\"td-block-span5 tdm-col tdm-col-img\"><img loading=\"lazy\" decoding=\"async\" class=\"tdm-image\" src=\"https:\/\/instel-ing.com\/wp-content\/uploads\/2024\/01\/BMW.png\" width=\"1835\" height=\"1864\" title=\"\"><\/div><div class=\"td-block-span7 tdm-col\"><div class=\"tdm-text-wrap tdm-text-padding\"><h3 class=\"tdm-fancy-title\"><span class=\"tdm-fancy-title1\"><\/span><span class=\"tdm-fancy-title2\">BMW Panam\u00e1<\/span><\/h3><p class=\"tdm-descr\">Hemos desplegado nuestros servicios especializados en instalaciones el\u00e9ctricas. Nos enorgullece ser parte del equipo que garantiza un entorno el\u00e9ctrico seguro y eficaz para una marca reconocida por su excelencia en la industria automotriz.<\/p><\/div><\/div><\/div><\/div><\/div><div class=\"tdm_block td_block_wrap tdm_block_fancy_text_image tdi_14 td_block_fancy_text tdm-layout-default tdm-content-horiz-left tdm-content-vert-top td-pb-border-top td_block_template_1 tdm-mobile-full\"  data-td-block-uid=\"tdi_14\" >\n<style>\n\/* custom css - generated by TagDiv Composer *\/\nbody .tdi_14 .tdm-fancy-title2{\r\n\t\t\t\t\tcolor: #000000;\r\n\t\t\t\t}.tdi_14 .tdm-fancy-title1{\r\n\t\t\t\t\tfont-size:100px !important;letter-spacing:0.5px !important;\r\n\t\t\t\t}.tdi_14 .tdm-fancy-title2{\r\n\t\t\t\t\tfont-size:80px !important;letter-spacing:0.5px !important;\r\n\t\t\t\t}.tdi_14 .tdm-descr{\r\n\t\t\t\t\tfont-size:20px !important;line-height:1.5 !important;\r\n\t\t\t\t}\n<\/style><div class=\"td-block-width\"><div class=\"td-block-row tdm-row td-fix-index\"><div class=\"td-block-span5 tdm-col tdm-col-img\"><img loading=\"lazy\" decoding=\"async\" class=\"tdm-image\" src=\"https:\/\/instel-ing.com\/wp-content\/uploads\/2024\/01\/Imagen7.png\" width=\"1835\" height=\"1864\" title=\"\"><\/div><div class=\"td-block-span7 tdm-col\"><div class=\"tdm-text-wrap tdm-text-padding\"><h3 class=\"tdm-fancy-title\"><span class=\"tdm-fancy-title1\"><\/span><span class=\"tdm-fancy-title2\">BADGER SERVICES INC<\/span><\/h3><p class=\"tdm-descr\">Colaboramos activamente en la construcci\u00f3n de infraestructuras civiles, contribuyendo al desarrollo de proyectos s\u00f3lidos y duraderos que cumplen con los m\u00e1s altos est\u00e1ndares de calidad y funcionalidad.<\/p><\/div><\/div><\/div><\/div><\/div><div class=\"tdm_block td_block_wrap tdm_block_fancy_text_image tdi_15 td_block_fancy_text tdm-layout-default tdm-content-horiz-left tdm-content-vert-top td-pb-border-top td_block_template_1 tdm-mobile-full\"  data-td-block-uid=\"tdi_15\" >\n<style>\n\/* custom css - generated by TagDiv Composer *\/\nbody .tdi_15 .tdm-fancy-title2{\r\n\t\t\t\t\tcolor: #000000;\r\n\t\t\t\t}.tdi_15 .tdm-fancy-title1{\r\n\t\t\t\t\tfont-size:100px !important;letter-spacing:0.5px !important;\r\n\t\t\t\t}.tdi_15 .tdm-fancy-title2{\r\n\t\t\t\t\tfont-size:80px !important;letter-spacing:0.5px !important;\r\n\t\t\t\t}.tdi_15 .tdm-descr{\r\n\t\t\t\t\tfont-size:20px !important;line-height:1.5 !important;\r\n\t\t\t\t}\n<\/style><div class=\"td-block-width\"><div class=\"td-block-row tdm-row td-fix-index\"><div class=\"td-block-span5 tdm-col tdm-col-img\"><img loading=\"lazy\" decoding=\"async\" class=\"tdm-image\" src=\"https:\/\/instel-ing.com\/wp-content\/uploads\/2024\/01\/mapfre.png\" width=\"1835\" height=\"1864\" title=\"\"><\/div><div class=\"td-block-span7 tdm-col\"><div class=\"tdm-text-wrap tdm-text-padding\"><h3 class=\"tdm-fancy-title\"><span class=\"tdm-fancy-title1\"><\/span><span class=\"tdm-fancy-title2\">MAPFRE<\/span><\/h3><p class=\"tdm-descr\">Nuestra participaci\u00f3n con MAPFRE ha estado centrada en la evaluaci\u00f3n de la causa ra\u00edz de fallas mec\u00e1nicas. Aportamos nuestro conocimiento t\u00e9cnico para analizar y abordar eficientemente cualquier desaf\u00edo, asegurando la integridad y la confiabilidad de los sistemas mec\u00e1nicos.<\/p><\/div><\/div><\/div><\/div><\/div><div class=\"tdm_block td_block_wrap tdm_block_fancy_text_image tdi_16 td_block_fancy_text tdm-layout-default tdm-content-horiz-left tdm-content-vert-top td-pb-border-top td_block_template_1 tdm-mobile-full\"  data-td-block-uid=\"tdi_16\" >\n<style>\n\/* custom css - generated by TagDiv Composer *\/\nbody .tdi_16 .tdm-fancy-title2{\r\n\t\t\t\t\tcolor: #000000;\r\n\t\t\t\t}.tdi_16 .tdm-fancy-title1{\r\n\t\t\t\t\tfont-size:100px !important;letter-spacing:0.5px !important;\r\n\t\t\t\t}.tdi_16 .tdm-fancy-title2{\r\n\t\t\t\t\tfont-size:80px !important;letter-spacing:0.5px !important;\r\n\t\t\t\t}.tdi_16 .tdm-descr{\r\n\t\t\t\t\tfont-size:20px !important;line-height:1.5 !important;\r\n\t\t\t\t}\n<\/style><div class=\"td-block-width\"><div class=\"td-block-row tdm-row td-fix-index\"><div class=\"td-block-span5 tdm-col tdm-col-img\"><img loading=\"lazy\" decoding=\"async\" class=\"tdm-image\" src=\"https:\/\/instel-ing.com\/wp-content\/uploads\/2024\/01\/egesa.png\" width=\"1835\" height=\"1864\" title=\"\"><\/div><div class=\"td-block-span7 tdm-col\"><div class=\"tdm-text-wrap tdm-text-padding\"><h3 class=\"tdm-fancy-title\"><span class=\"tdm-fancy-title1\"><\/span><span class=\"tdm-fancy-title2\">EGESA<\/span><\/h3><p class=\"tdm-descr\">Realizamos estudios de calidad de energ\u00eda y an\u00e1lisis termogr\u00e1fico de l\u00edneas de transmisi\u00f3n el\u00e9ctrica para EGESA. Nuestra experiencia t\u00e9cnica contribuye a optimizar la eficiencia y la confiabilidad de sus sistemas el\u00e9ctricos.<\/p><\/div><\/div><\/div><\/div><\/div><div class=\"tdm_block td_block_wrap tdm_block_fancy_text_image tdi_17 td_block_fancy_text tdm-layout-default tdm-content-horiz-left tdm-content-vert-top td-pb-border-top td_block_template_1 tdm-mobile-full\"  data-td-block-uid=\"tdi_17\" >\n<style>\n\/* custom css - generated by TagDiv Composer *\/\nbody .tdi_17 .tdm-fancy-title2{\r\n\t\t\t\t\tcolor: #000000;\r\n\t\t\t\t}.tdi_17 .tdm-fancy-title1{\r\n\t\t\t\t\tfont-size:100px !important;letter-spacing:0.5px !important;\r\n\t\t\t\t}.tdi_17 .tdm-fancy-title2{\r\n\t\t\t\t\tfont-size:80px !important;letter-spacing:0.5px !important;\r\n\t\t\t\t}.tdi_17 .tdm-descr{\r\n\t\t\t\t\tfont-size:20px !important;line-height:1.5 !important;\r\n\t\t\t\t}\n<\/style><div class=\"td-block-width\"><div class=\"td-block-row tdm-row td-fix-index\"><div class=\"td-block-span5 tdm-col tdm-col-img\"><img loading=\"lazy\" decoding=\"async\" class=\"tdm-image\" src=\"https:\/\/instel-ing.com\/wp-content\/uploads\/2024\/01\/air.png\" width=\"1835\" height=\"1864\" title=\"\"><\/div><div class=\"td-block-span7 tdm-col\"><div class=\"tdm-text-wrap tdm-text-padding\"><h3 class=\"tdm-fancy-title\"><span class=\"tdm-fancy-title1\"><\/span><span class=\"tdm-fancy-title2\">A.I.R. Ajustadores<\/span><\/h3><p class=\"tdm-descr\">Con A.I.R. Ajustadores, llevamos a cabo estudios periciales en el \u00e1rea ingenieril, proporcionando an\u00e1lisis detallados y soluciones expertas para abordar desaf\u00edos espec\u00edficos<\/p><\/div><\/div><\/div><\/div><\/div><div class=\"tdm_block td_block_wrap tdm_block_fancy_text_image tdi_18 td_block_fancy_text tdm-layout-default tdm-content-horiz-left tdm-content-vert-top td-pb-border-top td_block_template_1 tdm-mobile-full\"  data-td-block-uid=\"tdi_18\" >\n<style>\n\/* custom css - generated by TagDiv Composer *\/\nbody .tdi_18 .tdm-fancy-title2{\r\n\t\t\t\t\tcolor: #000000;\r\n\t\t\t\t}.tdi_18 .tdm-fancy-title1{\r\n\t\t\t\t\tfont-size:100px !important;letter-spacing:0.5px !important;\r\n\t\t\t\t}.tdi_18 .tdm-fancy-title2{\r\n\t\t\t\t\tfont-size:80px !important;letter-spacing:0.5px !important;\r\n\t\t\t\t}.tdi_18 .tdm-descr{\r\n\t\t\t\t\tfont-size:20px !important;line-height:1.5 !important;\r\n\t\t\t\t}\n<\/style><div class=\"td-block-width\"><div class=\"td-block-row tdm-row td-fix-index\"><div class=\"td-block-span5 tdm-col tdm-col-img\"><img loading=\"lazy\" decoding=\"async\" class=\"tdm-image\" src=\"https:\/\/instel-ing.com\/wp-content\/uploads\/2024\/01\/gelartio.png\" width=\"1835\" height=\"1864\" title=\"\"><\/div><div class=\"td-block-span7 tdm-col\"><div class=\"tdm-text-wrap tdm-text-padding\"><h3 class=\"tdm-fancy-title\"><span class=\"tdm-fancy-title1\"><\/span><span class=\"tdm-fancy-title2\">GELARTI<\/span><\/h3><p class=\"tdm-descr\">Nos enorgullece haber participado en el dise\u00f1o y construcci\u00f3n de infraestructura el\u00e9ctrica para GELARTI, contribuyendo a la creaci\u00f3n de instalaciones el\u00e9ctricas eficientes y de vanguardia.<\/p><\/div><\/div><\/div><\/div><\/div><div class=\"tdm_block td_block_wrap tdm_block_fancy_text_image tdi_19 td_block_fancy_text tdm-layout-default tdm-content-horiz-left tdm-content-vert-top td-pb-border-top td_block_template_1 tdm-mobile-full\"  data-td-block-uid=\"tdi_19\" >\n<style>\n\/* custom css - generated by TagDiv Composer *\/\nbody .tdi_19 .tdm-fancy-title2{\r\n\t\t\t\t\tcolor: #000000;\r\n\t\t\t\t}.tdi_19 .tdm-fancy-title1{\r\n\t\t\t\t\tfont-size:100px !important;letter-spacing:0.5px !important;\r\n\t\t\t\t}.tdi_19 .tdm-fancy-title2{\r\n\t\t\t\t\tfont-size:80px !important;letter-spacing:0.5px !important;\r\n\t\t\t\t}.tdi_19 .tdm-descr{\r\n\t\t\t\t\tfont-size:20px !important;line-height:1.5 !important;\r\n\t\t\t\t}\n<\/style><div class=\"td-block-width\"><div class=\"td-block-row tdm-row td-fix-index\"><div class=\"td-block-span5 tdm-col tdm-col-img\"><img loading=\"lazy\" decoding=\"async\" class=\"tdm-image\" src=\"https:\/\/instel-ing.com\/wp-content\/uploads\/2024\/01\/rodio.png\" width=\"1835\" height=\"1864\" title=\"\"><\/div><div class=\"td-block-span7 tdm-col\"><div class=\"tdm-text-wrap tdm-text-padding\"><h3 class=\"tdm-fancy-title\"><span class=\"tdm-fancy-title1\"><\/span><span class=\"tdm-fancy-title2\">RODIO SWISSBORING<\/span><\/h3><p class=\"tdm-descr\">Colaboramos estrechamente en el dise\u00f1o de estructuras, aportando nuestra experiencia t\u00e9cnica para crear soluciones robustas y seguras en conjunto con RODIO SWISSBORING.<\/p><\/div><\/div><\/div><\/div><\/div><\/div><\/div><\/div><\/div><div id=\"tdi_20\" class=\"tdc-row\"><div class=\"vc_row tdi_21  wpb_row td-pb-row\" >\n<style scoped>\n\/* custom css - generated by TagDiv Composer *\/\n\n\/* custom css - generated by TagDiv Composer *\/\n.tdi_21,\r\n                .tdi_21 .tdc-columns{\r\n                    min-height: 0;\r\n                }.tdi_21,\r\n\t\t\t\t.tdi_21 .tdc-columns{\r\n\t\t\t\t    display: block;\r\n\t\t\t\t}.tdi_21 .tdc-columns{\r\n\t\t\t\t    width: 100%;\r\n\t\t\t\t}.tdi_21:before,\r\n\t\t\t\t.tdi_21:after{\r\n\t\t\t\t    display: table;\r\n\t\t\t\t}\n<\/style><div class=\"vc_column tdi_23  wpb_column vc_column_container tdc-column td-pb-span12\">\n<style scoped>\n\/* custom css - generated by TagDiv Composer *\/\n\n\/* custom css - generated by TagDiv Composer *\/\n.tdi_23{\r\n                    vertical-align: baseline;\r\n                }.tdi_23 > .wpb_wrapper,\r\n\t\t\t\t.tdi_23 > .wpb_wrapper > .tdc-elements{\r\n\t\t\t\t    display: block;\r\n\t\t\t\t}.tdi_23 > .wpb_wrapper > .tdc-elements{\r\n\t\t\t\t    width: 100%;\r\n\t\t\t\t}.tdi_23 > .wpb_wrapper > .vc_row_inner{\r\n\t\t\t\t    width: auto;\r\n\t\t\t\t}.tdi_23 > .wpb_wrapper{\r\n\t\t\t\t    width: auto;\r\n\t\t\t\t    height: auto;\r\n\t\t\t\t}\n<\/style><div class=\"wpb_wrapper\" ><\/div><\/div><\/div><\/div><div id=\"tdi_24\" class=\"tdc-row\"><div class=\"vc_row tdi_25  wpb_row td-pb-row\" >\n<style scoped>\n\/* custom css - generated by TagDiv Composer *\/\n\n\/* custom css - generated by TagDiv Composer *\/\n.tdi_25,\r\n                .tdi_25 .tdc-columns{\r\n                    min-height: 0;\r\n                }.tdi_25,\r\n\t\t\t\t.tdi_25 .tdc-columns{\r\n\t\t\t\t    display: block;\r\n\t\t\t\t}.tdi_25 .tdc-columns{\r\n\t\t\t\t    width: 100%;\r\n\t\t\t\t}.tdi_25:before,\r\n\t\t\t\t.tdi_25:after{\r\n\t\t\t\t    display: table;\r\n\t\t\t\t}\n<\/style><div class=\"vc_column tdi_27  wpb_column vc_column_container tdc-column td-pb-span12\">\n<style scoped>\n\/* custom css - generated by TagDiv Composer *\/\n\n\/* custom css - generated by TagDiv Composer *\/\n.tdi_27{\r\n                    vertical-align: baseline;\r\n                }.tdi_27 > .wpb_wrapper,\r\n\t\t\t\t.tdi_27 > .wpb_wrapper > .tdc-elements{\r\n\t\t\t\t    display: block;\r\n\t\t\t\t}.tdi_27 > .wpb_wrapper > .tdc-elements{\r\n\t\t\t\t    width: 100%;\r\n\t\t\t\t}.tdi_27 > .wpb_wrapper > .vc_row_inner{\r\n\t\t\t\t    width: auto;\r\n\t\t\t\t}.tdi_27 > .wpb_wrapper{\r\n\t\t\t\t    width: auto;\r\n\t\t\t\t    height: auto;\r\n\t\t\t\t}\n<\/style><div class=\"wpb_wrapper\" ><\/div><\/div><\/div><\/div><div id=\"tdi_28\" class=\"tdc-row\"><div class=\"vc_row tdi_29  wpb_row td-pb-row\" >\n<style scoped>\n\/* custom css - generated by TagDiv Composer *\/\n\n\/* custom css - generated by TagDiv Composer *\/\n.tdi_29,\r\n                .tdi_29 .tdc-columns{\r\n                    min-height: 0;\r\n                }.tdi_29,\r\n\t\t\t\t.tdi_29 .tdc-columns{\r\n\t\t\t\t    display: block;\r\n\t\t\t\t}.tdi_29 .tdc-columns{\r\n\t\t\t\t    width: 100%;\r\n\t\t\t\t}.tdi_29:before,\r\n\t\t\t\t.tdi_29:after{\r\n\t\t\t\t    display: table;\r\n\t\t\t\t}\n<\/style><div class=\"vc_column tdi_31  wpb_column vc_column_container tdc-column td-pb-span12\">\n<style scoped>\n\/* custom css - generated by TagDiv Composer *\/\n\n\/* custom css - generated by TagDiv Composer *\/\n.tdi_31{\r\n                    vertical-align: baseline;\r\n                }.tdi_31 > .wpb_wrapper,\r\n\t\t\t\t.tdi_31 > .wpb_wrapper > .tdc-elements{\r\n\t\t\t\t    display: block;\r\n\t\t\t\t}.tdi_31 > .wpb_wrapper > .tdc-elements{\r\n\t\t\t\t    width: 100%;\r\n\t\t\t\t}.tdi_31 > .wpb_wrapper > .vc_row_inner{\r\n\t\t\t\t    width: auto;\r\n\t\t\t\t}.tdi_31 > .wpb_wrapper{\r\n\t\t\t\t    width: auto;\r\n\t\t\t\t    height: auto;\r\n\t\t\t\t}\n<\/style><div class=\"wpb_wrapper\" ><\/div><\/div><\/div><\/div><div id=\"tdi_32\" class=\"tdc-row\"><div class=\"vc_row tdi_33  wpb_row td-pb-row\" >\n<style scoped>\n\/* custom css - generated by TagDiv Composer *\/\n\n\/* custom css - generated by TagDiv Composer *\/\n.tdi_33,\r\n                .tdi_33 .tdc-columns{\r\n                    min-height: 0;\r\n                }.tdi_33,\r\n\t\t\t\t.tdi_33 .tdc-columns{\r\n\t\t\t\t    display: block;\r\n\t\t\t\t}.tdi_33 .tdc-columns{\r\n\t\t\t\t    width: 100%;\r\n\t\t\t\t}.tdi_33:before,\r\n\t\t\t\t.tdi_33:after{\r\n\t\t\t\t    display: table;\r\n\t\t\t\t}\n<\/style><div class=\"vc_column tdi_35  wpb_column vc_column_container tdc-column td-pb-span12\">\n<style scoped>\n\/* custom css - generated by TagDiv Composer *\/\n\n\/* custom css - generated by TagDiv Composer *\/\n.tdi_35{\r\n                    vertical-align: baseline;\r\n                }.tdi_35 > .wpb_wrapper,\r\n\t\t\t\t.tdi_35 > .wpb_wrapper > .tdc-elements{\r\n\t\t\t\t    display: block;\r\n\t\t\t\t}.tdi_35 > .wpb_wrapper > .tdc-elements{\r\n\t\t\t\t    width: 100%;\r\n\t\t\t\t}.tdi_35 > .wpb_wrapper > .vc_row_inner{\r\n\t\t\t\t    width: auto;\r\n\t\t\t\t}.tdi_35 > .wpb_wrapper{\r\n\t\t\t\t    width: auto;\r\n\t\t\t\t    height: auto;\r\n\t\t\t\t}\n<\/style><div class=\"wpb_wrapper\" ><\/div><\/div><\/div><\/div><\/div><\/div>","protected":false},"excerpt":{"rendered":"","protected":false},"author":2,"featured_media":0,"parent":0,"menu_order":0,"comment_status":"closed","ping_status":"closed","template":"","meta":{"tdm_status":"","tdm_grid_status":"","footnotes":""},"class_list":["post-1284","page","type-page","status-publish","hentry"],"amp_enabled":true,"_links":{"self":[{"href":"https:\/\/instel-ing.com\/index.php?rest_route=\/wp\/v2\/pages\/1284","targetHints":{"allow":["GET"]}}],"collection":[{"href":"https:\/\/instel-ing.com\/index.php?rest_route=\/wp\/v2\/pages"}],"about":[{"href":"https:\/\/instel-ing.com\/index.php?rest_route=\/wp\/v2\/types\/page"}],"author":[{"embeddable":true,"href":"https:\/\/instel-ing.com\/index.php?rest_route=\/wp\/v2\/users\/2"}],"replies":[{"embeddable":true,"href":"https:\/\/instel-ing.com\/index.php?rest_route=%2Fwp%2Fv2%2Fcomments&post=1284"}],"version-history":[{"count":4,"href":"https:\/\/instel-ing.com\/index.php?rest_route=\/wp\/v2\/pages\/1284\/revisions"}],"predecessor-version":[{"id":1474,"href":"https:\/\/instel-ing.com\/index.php?rest_route=\/wp\/v2\/pages\/1284\/revisions\/1474"}],"wp:attachment":[{"href":"https:\/\/instel-ing.com\/index.php?rest_route=%2Fwp%2Fv2%2Fmedia&parent=1284"}],"curies":[{"name":"wp","href":"https:\/\/api.w.org\/{rel}","templated":true}]}}