{"id":1271,"date":"2024-01-02T18:28:08","date_gmt":"2024-01-02T18:28:08","guid":{"rendered":"https:\/\/instel-ing.com\/?page_id=1271"},"modified":"2024-01-05T15:23:29","modified_gmt":"2024-01-05T15:23:29","slug":"servicios","status":"publish","type":"page","link":"https:\/\/instel-ing.com\/?page_id=1271","title":{"rendered":"Servicios"},"content":{"rendered":"<div id=\"tdi_1\" class=\"tdc-zone\"><div class=\"tdc_zone tdi_2  wpb_row td-pb-row\"  >\n<style scoped>\n\/* custom css - generated by TagDiv Composer *\/\n\n\/* custom css - generated by TagDiv Composer *\/\n.tdi_2{\r\n                    min-height: 0;\r\n                }\n<\/style><div id=\"tdi_3\" class=\"tdc-row stretch_row_1200 td-stretch-content\"><div class=\"vc_row tdi_4  wpb_row td-pb-row\" >\n<style scoped>\n\/* custom css - generated by TagDiv Composer *\/\n\n\/* custom css - generated by TagDiv Composer *\/\n.tdi_4,\r\n                .tdi_4 .tdc-columns{\r\n                    min-height: 0;\r\n                }.tdi_4,\r\n\t\t\t\t.tdi_4 .tdc-columns{\r\n\t\t\t\t    display: block;\r\n\t\t\t\t}.tdi_4 .tdc-columns{\r\n\t\t\t\t    width: 100%;\r\n\t\t\t\t}.tdi_4:before,\r\n\t\t\t\t.tdi_4:after{\r\n\t\t\t\t    display: table;\r\n\t\t\t\t}\n<\/style><div class=\"vc_column tdi_6  wpb_column vc_column_container tdc-column td-pb-span12\">\n<style scoped>\n\/* custom css - generated by TagDiv Composer *\/\n\n\/* custom css - generated by TagDiv Composer *\/\n.tdi_6{\r\n                    vertical-align: baseline;\r\n                }.tdi_6 > .wpb_wrapper,\r\n\t\t\t\t.tdi_6 > .wpb_wrapper > .tdc-elements{\r\n\t\t\t\t    display: block;\r\n\t\t\t\t}.tdi_6 > .wpb_wrapper > .tdc-elements{\r\n\t\t\t\t    width: 100%;\r\n\t\t\t\t}.tdi_6 > .wpb_wrapper > .vc_row_inner{\r\n\t\t\t\t    width: auto;\r\n\t\t\t\t}.tdi_6 > .wpb_wrapper{\r\n\t\t\t\t    width: auto;\r\n\t\t\t\t    height: auto;\r\n\t\t\t\t}\n<\/style><div class=\"wpb_wrapper\" ><div class=\"tdm_block td_block_wrap tdm_block_fancy_text_image tdi_7 td_block_fancy_text tdm-layout-default tdm-content-horiz-left tdm-content-vert-top td-pb-border-top td_block_template_1 tdm-mobile-full\"  data-td-block-uid=\"tdi_7\" >\n<style>\n\/* custom css - generated by TagDiv Composer *\/\n.td_block_fancy_text .tdm-fancy-title{\r\n                  font-family: var(--td_default_google_font_2, 'Roboto', sans-serif);\r\n                  font-size: 155px;\r\n                  font-weight: bold;\r\n                  line-height: 106px;\r\n                  letter-spacing: -8px;\r\n                  margin-top: -5px;\r\n                  margin-bottom: -60px;\r\n                }.td_block_fancy_text .tdm-fancy-title span{\r\n                  display: block;\r\n                  word-break: break-word;\r\n                  padding: 10px 10px 47px 0;\r\n                }.td_block_fancy_text .tdm-fancy-title1{\r\n                  color: #333;\r\n                }.td_block_fancy_text .tdm-fancy-title2{\r\n                  color: #fff;\r\n                  text-shadow: 2px 8px 27px rgba(0, 0, 0, 0.1);\r\n                  top: -60px;\r\n                  position: relative;\r\n                }.td_block_fancy_text .tdm-btn{\r\n                  margin-top: 10px;\r\n                  margin-bottom: 10px;\r\n                }.td_block_fancy_text.tdm-content-horiz-center .tdm-fancy-title span{\r\n                  margin: 0 auto;\r\n                }.td_block_fancy_text.tdm-content-horiz-right .tdm-fancy-title span{\r\n                  margin-left: auto;\r\n                }body .tdi_7 .tdm-fancy-title2{\r\n\t\t\t\t\tbackground: -webkit-linear-gradient(0deg,#002493,#00194f);background: linear-gradient(0deg,#002493,#00194f);\r\n\t\t\t\t\t-webkit-background-clip: text;\r\n\t\t\t\t\t-webkit-text-fill-color: transparent;\r\n\t\t\t\t}html[class*='ie'] .tdi_7 .tdm-fancy-title2{\r\n\t\t\t\t    background: none;\r\n\t\t\t\t\tcolor: #00194f;\r\n\t\t\t\t}@media (min-width: 1019px) and (max-width: 1140px) {\r\n                  .td_block_fancy_text .tdm-fancy-title {\r\n                    font-size: 120px;\r\n                    line-height: 80px;\r\n                    letter-spacing: -6px;\r\n                  }\r\n                }@media (min-width: 768px) and (max-width: 1018px) {\r\n                  .td_block_fancy_text .tdm-fancy-title {\r\n                    font-size: 98px;\r\n                    line-height: 70px;\r\n                    letter-spacing: -4px;\r\n                  }\r\n                }@media (max-width: 767px) {\r\n                  .td_block_fancy_text .tdm-fancy-title {\r\n                    font-size: 72px;\r\n                    line-height: 44px;\r\n                    letter-spacing: -4px;\r\n                    margin-top: 40px;\r\n                    margin-bottom: -76px;\r\n                  }\r\n                }@media (max-width: 767px) {\r\n                  .td_block_fancy_text.tdm-flip-yes .tdm-fancy-title,\r\n                  .td_block_fancy_text.tdm-flip-yes .tdm-image {\r\n                    margin-top: 30px;\r\n                  }\r\n                }\n<\/style><div class=\"td-block-width\"><div class=\"td-block-row tdm-row td-fix-index\"><div class=\"td-block-span5 tdm-col tdm-col-img\"><img loading=\"lazy\" decoding=\"async\" class=\"tdm-image\" src=\"https:\/\/instel-ing.com\/wp-content\/uploads\/2024\/01\/service-e1704468127311.png\" width=\"2676\" height=\"1929\" title=\"Nuestros\"><\/div><div class=\"td-block-span7 tdm-col\"><div class=\"tdm-text-wrap tdm-text-padding\"><h3 class=\"tdm-fancy-title\"><span class=\"tdm-fancy-title1\">Nuestros<\/span><span class=\"tdm-fancy-title2\">servicios<\/span><\/h3><p class=\"tdm-descr\">En INSTEL-ING, nos enorgullece ofrecer una amplia gama de servicios especializados en ingenier\u00eda el\u00e9ctrica, mec\u00e1nica y civil, as\u00ed como en diversas especialidades. Nuestra dedicaci\u00f3n a la excelencia y la innovaci\u00f3n nos ha llevado a destacar en el dise\u00f1o, desarrollo y ejecuci\u00f3n de proyectos adaptados a las necesidades espec\u00edficas de cada cliente.<\/p><\/div><\/div><\/div><\/div><\/div><\/div><\/div><\/div><\/div><div id=\"tdi_8\" class=\"tdc-row\"><div class=\"vc_row tdi_9  wpb_row td-pb-row\" >\n<style scoped>\n\/* custom css - generated by TagDiv Composer *\/\n\n\/* custom css - generated by TagDiv Composer *\/\n.tdi_9,\r\n                .tdi_9 .tdc-columns{\r\n                    min-height: 0;\r\n                }.tdi_9,\r\n\t\t\t\t.tdi_9 .tdc-columns{\r\n\t\t\t\t    display: block;\r\n\t\t\t\t}.tdi_9 .tdc-columns{\r\n\t\t\t\t    width: 100%;\r\n\t\t\t\t}.tdi_9:before,\r\n\t\t\t\t.tdi_9:after{\r\n\t\t\t\t    display: table;\r\n\t\t\t\t}\n<\/style><div class=\"vc_column tdi_11  wpb_column vc_column_container tdc-column td-pb-span12\">\n<style scoped>\n\/* custom css - generated by TagDiv Composer *\/\n\n\/* custom css - generated by TagDiv Composer *\/\n.tdi_11{\r\n                    vertical-align: baseline;\r\n                }.tdi_11 > .wpb_wrapper,\r\n\t\t\t\t.tdi_11 > .wpb_wrapper > .tdc-elements{\r\n\t\t\t\t    display: block;\r\n\t\t\t\t}.tdi_11 > .wpb_wrapper > .tdc-elements{\r\n\t\t\t\t    width: 100%;\r\n\t\t\t\t}.tdi_11 > .wpb_wrapper > .vc_row_inner{\r\n\t\t\t\t    width: auto;\r\n\t\t\t\t}.tdi_11 > .wpb_wrapper{\r\n\t\t\t\t    width: auto;\r\n\t\t\t\t    height: auto;\r\n\t\t\t\t}\n<\/style><div class=\"wpb_wrapper\" ><div class=\"tdm_block td_block_wrap tdm_block_text_image tdi_12 td-animation-stack tdm-layout-12-12 tdm-content-horiz-left tdm-content-vert-center td-pb-border-top td_block_template_1\"  data-td-block-uid=\"tdi_12\" >\n<style>\n\/* custom css - generated by TagDiv Composer *\/\n.tdm_block_text_image .tdm-text-wrap{\r\n                  padding-top: 20px;\r\n                  padding-bottom: 20px;\r\n                }.tdm_block_text_image .tdm-descr{\r\n                  margin-bottom: 0;\r\n                }.tdm_block_text_image .tds-button{\r\n                  margin-top: 30px;\r\n                }@media (min-width: 767px) {\r\n                  .tdm_block_text_image.tdm-text-image-extend-img {\r\n                    margin-right: calc((-100vw + 100%) \/ 2);\r\n                  }\r\n                  .tdm_block_text_image.tdm-text-image-extend-img.tdm-flip-yes {\r\n                    margin-right: 0;\r\n                    margin-left: calc((-100vw + 100%) \/ 2);\r\n                  }\r\n                  .tdm_block_text_image.tdm-text-image-extend-img.tdm-flip-yes .tdm-col-img {\r\n                    text-align: right;\r\n                  }\r\n                }@media (max-width: 767px) {\r\n                  .tdm_block_text_image .tdm-col-img {\r\n                    margin-top: 36px;\r\n                  }\r\n                  .tdm_block_text_image.tdm-flip-yes .tdm-col-img {\r\n                    margin-top: 0;\r\n                    margin-bottom: 15px;\r\n                  }\r\n                }\n<\/style><div class=\"td-block-width tdm-fix-full\"><div class=\"td-block-row tdm-row\"><div class=\"td-block-span6 tdm-col\"><div class=\"tdm-text-wrap tdm-text-padding\">\n<style>\n\/* custom css - generated by TagDiv Composer *\/\n.tdi_13 .tdm-title{\r\n\t\t\t\t\tfont-weight:800 !important;\r\n\t\t\t\t}\n<\/style><div class=\"tds-title tds-title1 td-fix-index tdi_13 \"><h3 class=\"tdm-title tdm-title-md\">Servicios en Ingenier\u00eda El\u00e9ctrica<\/h3><\/div><p class=\"tdm-descr td-fix-index\">Trabajamos el dise\u00f1o y desarrollo de Proyectos El\u00e9ctricos: Desde el dise\u00f1o conceptual hasta la ejecuci\u00f3n, creamos soluciones el\u00e9ctricas personalizadas y eficientes que abordan las necesidades espec\u00edficas de cada proyecto.\n\nTambien las mediciones de consumo el\u00e9ctrico: Evaluamos y analizamos los patrones de consumo el\u00e9ctrico para identificar oportunidades de eficiencia energ\u00e9tica y reducci\u00f3n de costos.\n<\/p><\/div><\/div><div class=\"td-block-span6 tdm-col tdm-col-img\"><img class=\"tdm-image td-fix-index td-lazy-img\" data-type=\"image_tag\" data-img-url=\"https:\/\/instel-ing.com\/wp-content\/uploads\/2023\/12\/troy-bridges-maXnRLszYY0-unsplash-scaled.jpg\"  title=\"troy-bridges-maXnRLszYY0-unsplash\" width=\"2560\" height=\"1920\"><\/div><\/div><\/div><\/div><div class=\"tdm_block td_block_wrap tdm_block_text_image tdi_14 td-animation-stack tdm-layout-12-12 tdm-content-horiz-left tdm-content-vert-center td-pb-border-top td_block_template_1\"  data-td-block-uid=\"tdi_14\" ><div class=\"td-block-width tdm-fix-full\"><div class=\"td-block-row tdm-row\"><div class=\"td-block-span6 tdm-col\"><div class=\"tdm-text-wrap tdm-text-padding\">\n<style>\n\/* custom css - generated by TagDiv Composer *\/\n.tdi_15 .tdm-title{\r\n\t\t\t\t\tfont-weight:800 !important;\r\n\t\t\t\t}\n<\/style><div class=\"tds-title tds-title1 td-fix-index tdi_15 \"><h3 class=\"tdm-title tdm-title-md\">Servicios en Ingenier\u00eda Mec\u00e1nica<\/h3><\/div><p class=\"tdm-descr td-fix-index\">En el \u00e1mbito de la ingenier\u00eda mec\u00e1nica, nos destacamos en diversas \u00e1reas especializadas. Mediante nuestros Estudios de Vibraciones Mec\u00e1nicas, identificamos y mitigamos problemas de vibraci\u00f3n en maquinaria y estructuras, asegurando un rendimiento \u00f3ptimo y duradero. Adem\u00e1s, en el Dise\u00f1o de Elementos de M\u00e1quinas, creamos componentes mec\u00e1nicos robustos y funcionales que cumplen con los m\u00e1s altos est\u00e1ndares de rendimiento y seguridad. Asimismo, a trav\u00e9s de nuestro An\u00e1lisis de Respuesta Material, evaluamos y seleccionamos materiales adecuados para garantizar la integridad y el rendimiento \u00f3ptimo de los componentes. Estamos comprometidos a ofrecer soluciones ingenieriles que superen expectativas y aseguren la eficiencia a largo plazo.\n<\/p><\/div><\/div><div class=\"td-block-span6 tdm-col tdm-col-img\"><img class=\"tdm-image td-fix-index td-lazy-img\" data-type=\"image_tag\" data-img-url=\"https:\/\/instel-ing.com\/wp-content\/uploads\/2023\/12\/thisisengineering-raeng-83udtzyaTS4-unsplash-scaled.jpg\"  title=\"thisisengineering-raeng-83udtzyaTS4-unsplash\" width=\"2560\" height=\"1707\"><\/div><\/div><\/div><\/div><div class=\"tdm_block td_block_wrap tdm_block_text_image tdi_16 td-animation-stack tdm-layout-12-12 tdm-content-horiz-left tdm-content-vert-center td-pb-border-top td_block_template_1\"  data-td-block-uid=\"tdi_16\" ><div class=\"td-block-width tdm-fix-full\"><div class=\"td-block-row tdm-row\"><div class=\"td-block-span6 tdm-col\"><div class=\"tdm-text-wrap tdm-text-padding\">\n<style>\n\/* custom css - generated by TagDiv Composer *\/\n.tdi_17 .tdm-title{\r\n\t\t\t\t\tfont-weight:800 !important;\r\n\t\t\t\t}\n<\/style><div class=\"tds-title tds-title1 td-fix-index tdi_17 \"><h3 class=\"tdm-title tdm-title-md\">Servicios en Ingenier\u00eda Civil<\/h3><\/div><p class=\"tdm-descr td-fix-index\">En el \u00e1mbito del desarrollo de obras civiles, nos especializamos en la construcci\u00f3n de infraestructuras adaptadas a las necesidades espec\u00edficas de cada proyecto, asegurando funcionalidad y durabilidad en cada detalle. Asimismo, en nuestros Proyectos de Viviendas Unifamiliares, nos dedicamos a la creaci\u00f3n de hogares c\u00f3modos y funcionales que reflejan de manera precisa las preferencias y necesidades individuales de nuestros clientes. <\/p><\/div><\/div><div class=\"td-block-span6 tdm-col tdm-col-img\"><img class=\"tdm-image td-fix-index td-lazy-img\" data-type=\"image_tag\" data-img-url=\"https:\/\/instel-ing.com\/wp-content\/uploads\/2023\/12\/josue-isai-ramos-figueroa-qvBYnMuNJ9A-unsplash-1.jpg\"  title=\"josue-isai-ramos-figueroa-qvBYnMuNJ9A-unsplash (1)\" width=\"1920\" height=\"1398\"><\/div><\/div><\/div><\/div><div class=\"tdm_block td_block_wrap tdm_block_text_image tdi_18 td-animation-stack tdm-layout-12-12 tdm-content-horiz-left tdm-content-vert-center td-pb-border-top td_block_template_1\"  data-td-block-uid=\"tdi_18\" ><div class=\"td-block-width tdm-fix-full\"><div class=\"td-block-row tdm-row\"><div class=\"td-block-span6 tdm-col\"><div class=\"tdm-text-wrap tdm-text-padding\">\n<style>\n\/* custom css - generated by TagDiv Composer *\/\n.tdi_19 .tdm-title{\r\n\t\t\t\t\tfont-weight:800 !important;\r\n\t\t\t\t}\n<\/style><div class=\"tds-title tds-title1 td-fix-index tdi_19 \"><h3 class=\"tdm-title tdm-title-md\">Especialidades<\/h3><\/div><p class=\"tdm-descr td-fix-index\">A trav\u00e9s de nuestros Peritajes y Determinaci\u00f3n de Fallas, identificamos y analizamos problemas y fallos en aspectos ingenieriles, ofreciendo soluciones y recomendaciones precisas para superar desaf\u00edos y garantizar la integridad estructural. Adem\u00e1s, mediante nuestro expertise en Modelado y An\u00e1lisis a trav\u00e9s de Simulaciones Computacionales, llevamos a cabo simulaciones de est\u00e1tica y din\u00e1mica estructural, as\u00ed como de din\u00e1mica de fluidos, con el objetivo de optimizar dise\u00f1os y prever comportamientos, asegurando eficiencia y confiabilidad en cada proyecto. <\/p><\/div><\/div><div class=\"td-block-span6 tdm-col tdm-col-img\"><img class=\"tdm-image td-fix-index td-lazy-img\" data-type=\"image_tag\" data-img-url=\"https:\/\/instel-ing.com\/wp-content\/uploads\/2024\/01\/l_07c597ca7de3b1ced51d469ad718e5f6.jpg\"  title=\"l_07c597ca7de3b1ced51d469ad718e5f6\" width=\"600\" height=\"400\"><\/div><\/div><\/div><\/div><\/div><\/div><\/div><\/div><div id=\"tdi_20\" class=\"tdc-row\"><div class=\"vc_row tdi_21  wpb_row td-pb-row\" >\n<style scoped>\n\/* custom css - generated by TagDiv Composer *\/\n\n\/* custom css - generated by TagDiv Composer *\/\n.tdi_21,\r\n                .tdi_21 .tdc-columns{\r\n                    min-height: 0;\r\n                }.tdi_21,\r\n\t\t\t\t.tdi_21 .tdc-columns{\r\n\t\t\t\t    display: block;\r\n\t\t\t\t}.tdi_21 .tdc-columns{\r\n\t\t\t\t    width: 100%;\r\n\t\t\t\t}.tdi_21:before,\r\n\t\t\t\t.tdi_21:after{\r\n\t\t\t\t    display: table;\r\n\t\t\t\t}\n<\/style><div class=\"vc_column tdi_23  wpb_column vc_column_container tdc-column td-pb-span12\">\n<style scoped>\n\/* custom css - generated by TagDiv Composer *\/\n\n\/* custom css - generated by TagDiv Composer *\/\n.tdi_23{\r\n                    vertical-align: baseline;\r\n                }.tdi_23 > .wpb_wrapper,\r\n\t\t\t\t.tdi_23 > .wpb_wrapper > .tdc-elements{\r\n\t\t\t\t    display: block;\r\n\t\t\t\t}.tdi_23 > .wpb_wrapper > .tdc-elements{\r\n\t\t\t\t    width: 100%;\r\n\t\t\t\t}.tdi_23 > .wpb_wrapper > .vc_row_inner{\r\n\t\t\t\t    width: auto;\r\n\t\t\t\t}.tdi_23 > .wpb_wrapper{\r\n\t\t\t\t    width: auto;\r\n\t\t\t\t    height: auto;\r\n\t\t\t\t}\n<\/style><div class=\"wpb_wrapper\" ><\/div><\/div><\/div><\/div><\/div><\/div>","protected":false},"excerpt":{"rendered":"","protected":false},"author":2,"featured_media":0,"parent":0,"menu_order":0,"comment_status":"closed","ping_status":"closed","template":"","meta":{"tdm_status":"","tdm_grid_status":"","footnotes":""},"class_list":["post-1271","page","type-page","status-publish","hentry"],"amp_enabled":true,"_links":{"self":[{"href":"https:\/\/instel-ing.com\/index.php?rest_route=\/wp\/v2\/pages\/1271","targetHints":{"allow":["GET"]}}],"collection":[{"href":"https:\/\/instel-ing.com\/index.php?rest_route=\/wp\/v2\/pages"}],"about":[{"href":"https:\/\/instel-ing.com\/index.php?rest_route=\/wp\/v2\/types\/page"}],"author":[{"embeddable":true,"href":"https:\/\/instel-ing.com\/index.php?rest_route=\/wp\/v2\/users\/2"}],"replies":[{"embeddable":true,"href":"https:\/\/instel-ing.com\/index.php?rest_route=%2Fwp%2Fv2%2Fcomments&post=1271"}],"version-history":[{"count":4,"href":"https:\/\/instel-ing.com\/index.php?rest_route=\/wp\/v2\/pages\/1271\/revisions"}],"predecessor-version":[{"id":1509,"href":"https:\/\/instel-ing.com\/index.php?rest_route=\/wp\/v2\/pages\/1271\/revisions\/1509"}],"wp:attachment":[{"href":"https:\/\/instel-ing.com\/index.php?rest_route=%2Fwp%2Fv2%2Fmedia&parent=1271"}],"curies":[{"name":"wp","href":"https:\/\/api.w.org\/{rel}","templated":true}]}}