{"id":1257,"date":"2024-01-02T17:53:06","date_gmt":"2024-01-02T17:53:06","guid":{"rendered":"https:\/\/instel-ing.com\/?page_id=1257"},"modified":"2024-08-05T16:27:12","modified_gmt":"2024-08-05T16:27:12","slug":"quienes-somos","status":"publish","type":"page","link":"https:\/\/instel-ing.com\/?page_id=1257","title":{"rendered":"Qui\u00e9nes Somos"},"content":{"rendered":"<div id=\"tdi_1\" class=\"tdc-zone\"><div class=\"tdc_zone tdi_2  wpb_row td-pb-row\"  >\n<style scoped>\n\/* custom css - generated by TagDiv Composer *\/\n\n\/* custom css - generated by TagDiv Composer *\/\n.tdi_2{\r\n                    min-height: 0;\r\n                }\n<\/style><div id=\"tdi_3\" class=\"tdc-row stretch_row_1200 td-stretch-content\"><div class=\"vc_row tdi_4  wpb_row td-pb-row\" >\n<style scoped>\n\/* custom css - generated by TagDiv Composer *\/\n\n\/* custom css - generated by TagDiv Composer *\/\n.tdi_4,\r\n                .tdi_4 .tdc-columns{\r\n                    min-height: 0;\r\n                }.tdi_4,\r\n\t\t\t\t.tdi_4 .tdc-columns{\r\n\t\t\t\t    display: block;\r\n\t\t\t\t}.tdi_4 .tdc-columns{\r\n\t\t\t\t    width: 100%;\r\n\t\t\t\t}.tdi_4:before,\r\n\t\t\t\t.tdi_4:after{\r\n\t\t\t\t    display: table;\r\n\t\t\t\t}\n<\/style><div class=\"vc_column tdi_6  wpb_column vc_column_container tdc-column td-pb-span12\">\n<style scoped>\n\/* custom css - generated by TagDiv Composer *\/\n\n\/* custom css - generated by TagDiv Composer *\/\n.tdi_6{\r\n                    vertical-align: baseline;\r\n                }.tdi_6 > .wpb_wrapper,\r\n\t\t\t\t.tdi_6 > .wpb_wrapper > .tdc-elements{\r\n\t\t\t\t    display: block;\r\n\t\t\t\t}.tdi_6 > .wpb_wrapper > .tdc-elements{\r\n\t\t\t\t    width: 100%;\r\n\t\t\t\t}.tdi_6 > .wpb_wrapper > .vc_row_inner{\r\n\t\t\t\t    width: auto;\r\n\t\t\t\t}.tdi_6 > .wpb_wrapper{\r\n\t\t\t\t    width: auto;\r\n\t\t\t\t    height: auto;\r\n\t\t\t\t}\n<\/style><div class=\"wpb_wrapper\" ><div class=\"tdm_block td_block_wrap tdm_block_fancy_text_image tdi_7 td_block_fancy_text tdm-layout-default tdm-content-horiz-left tdm-content-vert-top td-pb-border-top td_block_template_1 tdm-mobile-full\"  data-td-block-uid=\"tdi_7\" >\n<style>\n\/* custom css - generated by TagDiv Composer *\/\n.td_block_fancy_text .tdm-fancy-title{\r\n                  font-family: var(--td_default_google_font_2, 'Roboto', sans-serif);\r\n                  font-size: 155px;\r\n                  font-weight: bold;\r\n                  line-height: 106px;\r\n                  letter-spacing: -8px;\r\n                  margin-top: -5px;\r\n                  margin-bottom: -60px;\r\n                }.td_block_fancy_text .tdm-fancy-title span{\r\n                  display: block;\r\n                  word-break: break-word;\r\n                  padding: 10px 10px 47px 0;\r\n                }.td_block_fancy_text .tdm-fancy-title1{\r\n                  color: #333;\r\n                }.td_block_fancy_text .tdm-fancy-title2{\r\n                  color: #fff;\r\n                  text-shadow: 2px 8px 27px rgba(0, 0, 0, 0.1);\r\n                  top: -60px;\r\n                  position: relative;\r\n                }.td_block_fancy_text .tdm-btn{\r\n                  margin-top: 10px;\r\n                  margin-bottom: 10px;\r\n                }.td_block_fancy_text.tdm-content-horiz-center .tdm-fancy-title span{\r\n                  margin: 0 auto;\r\n                }.td_block_fancy_text.tdm-content-horiz-right .tdm-fancy-title span{\r\n                  margin-left: auto;\r\n                }body .tdi_7 .tdm-fancy-title2{\r\n\t\t\t\t\tbackground: -webkit-linear-gradient(0deg,#002493,#00194f);background: linear-gradient(0deg,#002493,#00194f);\r\n\t\t\t\t\t-webkit-background-clip: text;\r\n\t\t\t\t\t-webkit-text-fill-color: transparent;\r\n\t\t\t\t}html[class*='ie'] .tdi_7 .tdm-fancy-title2{\r\n\t\t\t\t    background: none;\r\n\t\t\t\t\tcolor: #00194f;\r\n\t\t\t\t}@media (min-width: 1019px) and (max-width: 1140px) {\r\n                  .td_block_fancy_text .tdm-fancy-title {\r\n                    font-size: 120px;\r\n                    line-height: 80px;\r\n                    letter-spacing: -6px;\r\n                  }\r\n                }@media (min-width: 768px) and (max-width: 1018px) {\r\n                  .td_block_fancy_text .tdm-fancy-title {\r\n                    font-size: 98px;\r\n                    line-height: 70px;\r\n                    letter-spacing: -4px;\r\n                  }\r\n                }@media (max-width: 767px) {\r\n                  .td_block_fancy_text .tdm-fancy-title {\r\n                    font-size: 72px;\r\n                    line-height: 44px;\r\n                    letter-spacing: -4px;\r\n                    margin-top: 40px;\r\n                    margin-bottom: -76px;\r\n                  }\r\n                }@media (max-width: 767px) {\r\n                  .td_block_fancy_text.tdm-flip-yes .tdm-fancy-title,\r\n                  .td_block_fancy_text.tdm-flip-yes .tdm-image {\r\n                    margin-top: 30px;\r\n                  }\r\n                }\n<\/style><div class=\"td-block-width\"><div class=\"td-block-row tdm-row td-fix-index\"><div class=\"td-block-span5 tdm-col tdm-col-img\"><img loading=\"lazy\" decoding=\"async\" class=\"tdm-image\" src=\"https:\/\/instel-ing.com\/wp-content\/uploads\/2023\/12\/Imagen1-2-e1704215251904.png\" width=\"2055\" height=\"1524\" title=\"Qui\u00e9nes\"><\/div><div class=\"td-block-span7 tdm-col\"><div class=\"tdm-text-wrap tdm-text-padding\"><h3 class=\"tdm-fancy-title\"><span class=\"tdm-fancy-title1\">Qui\u00e9nes<\/span><span class=\"tdm-fancy-title2\">somos<\/span><\/h3><p class=\"tdm-descr\">En INSTEL-ING, nuestra excelencia t\u00e9cnica es el resultado de una convicci\u00f3n profunda: creemos firmemente que los fundamentos te\u00f3ricos matem\u00e1ticos potencian las competencias ingenieriles. Esta creencia nos impulsa a mantener un equilibrio entre el rigor te\u00f3rico y la innovaci\u00f3n pr\u00e1ctica en cada proyecto que abordamos. La combinaci\u00f3n de teor\u00eda y pr\u00e1ctica no solo nos distingue, sino que tambi\u00e9n nos coloca a la vanguardia de la industria ingenieril.<\/p><\/div><\/div><\/div><\/div><\/div><\/div><\/div><\/div><\/div><div id=\"tdi_8\" class=\"tdc-row stretch_row_content td-stretch-content\"><div class=\"vc_row tdi_9  wpb_row td-pb-row\" >\n<style scoped>\n\/* custom css - generated by TagDiv Composer *\/\n\n\/* custom css - generated by TagDiv Composer *\/\n.tdi_9,\r\n                .tdi_9 .tdc-columns{\r\n                    min-height: 0;\r\n                }.tdi_9,\r\n\t\t\t\t.tdi_9 .tdc-columns{\r\n\t\t\t\t    display: block;\r\n\t\t\t\t}.tdi_9 .tdc-columns{\r\n\t\t\t\t    width: 100%;\r\n\t\t\t\t}.tdi_9:before,\r\n\t\t\t\t.tdi_9:after{\r\n\t\t\t\t    display: table;\r\n\t\t\t\t}\n<\/style><div class=\"vc_column tdi_11  wpb_column vc_column_container tdc-column td-pb-span12\">\n<style scoped>\n\/* custom css - generated by TagDiv Composer *\/\n\n\/* custom css - generated by TagDiv Composer *\/\n.tdi_11{\r\n                    vertical-align: baseline;\r\n                }.tdi_11 > .wpb_wrapper,\r\n\t\t\t\t.tdi_11 > .wpb_wrapper > .tdc-elements{\r\n\t\t\t\t    display: block;\r\n\t\t\t\t}.tdi_11 > .wpb_wrapper > .tdc-elements{\r\n\t\t\t\t    width: 100%;\r\n\t\t\t\t}.tdi_11 > .wpb_wrapper > .vc_row_inner{\r\n\t\t\t\t    width: auto;\r\n\t\t\t\t}.tdi_11 > .wpb_wrapper{\r\n\t\t\t\t    width: auto;\r\n\t\t\t\t    height: auto;\r\n\t\t\t\t}\n<\/style><div class=\"wpb_wrapper\" ><div class=\"wpb_wrapper td_block_single_image td_block_wrap  td-animation-stack td_block_wrap vc_single_image tdi_12  td-single-image- td-pb-border-top td_block_template_1 \"  data-td-block-uid=\"tdi_12\"><span \r\n                            class=\"td_single_image_bg td-lazy-img\" \r\n                            data-type=\"css_image\" \r\n                            data-img-url=\"https:\/\/instel-ing.com\/wp-content\/uploads\/2023\/12\/QS1.png\"  ><\/span>\n<style>\n\n\/* inline tdc_css att - generated by TagDiv Composer *\/\n\n.tdi_12{\nmargin-left:120px !important;\n}\n\n<\/style>\n<style>\n\/* custom css - generated by TagDiv Composer *\/\n.td_block_single_image.td-image-video-modal{\r\n                  cursor: pointer;\r\n                }.td_block_single_image .td_single_image_bg{\r\n                  display: block;\r\n                }.td_block_single_image.td-no-img-custom-url .td_single_image_bg{\r\n                  pointer-events: none;\r\n                  cursor: default;\r\n                }.vc_single_image a{\r\n                  position: relative;\r\n                }.td-single-image-style-rounded .td_single_image_bg,\r\n                .td-single-image-style-rounded .td_single_image_bg:before,\r\n                .td-single-image-style-rounded .td_single_image_bg:after{\r\n                  border-radius: 4px;\r\n                }.td-single-image-style-border,\r\n                .td-single-image-style-round-border,\r\n                .td-single-image-style-circle-border,\r\n                .td-single-image-style-outline,\r\n                .td-single-image-style-bordered-shadow,\r\n                .td-single-image-style-round-outline,\r\n                .td-single-image-style-round-border-shadow,\r\n                .td-single-image-style-circle-outline,\r\n                .td-single-image-style-circle-border-shadow{\r\n                  margin-bottom: 22px;\r\n                  background-color: #EBEBEB;\r\n                }.td-single-image-style-border,\r\n                .td-single-image-style-round-border,\r\n                .td-single-image-style-circle-border{\r\n                  padding: 6px;\r\n                }.td-single-image-style-outline,\r\n                .td-single-image-style-bordered-shadow,\r\n                .td-single-image-style-round-outline,\r\n                .td-single-image-style-round-border-shadow,\r\n                .td-single-image-style-circle-outline,\r\n                .td-single-image-style-circle-border-shadow{\r\n                  padding: 1px;\r\n                }.td-single-image-style-outline .td_single_image_bg:before,\r\n                .td-single-image-style-bordered-shadow .td_single_image_bg:before,\r\n                .td-single-image-style-round-outline .td_single_image_bg:before,\r\n                .td-single-image-style-round-border-shadow .td_single_image_bg:before,\r\n                .td-single-image-style-circle-outline .td_single_image_bg:before,\r\n                .td-single-image-style-circle-border-shadow .td_single_image_bg:before,\r\n                .td-single-image-style-outline a:after,\r\n                .td-single-image-style-bordered-shadow .td_single_image_bg:after,\r\n                .td-single-image-style-round-outline .td_single_image_bg:after,\r\n                .td-single-image-style-round-border-shadow .td_single_image_bg:after,\r\n                .td-single-image-style-circle-outline .td_single_image_bg:after,\r\n                .td-single-image-style-circle-border-shadow .td_single_image_bg:after{\r\n                  content: '';\r\n                  position: absolute;\r\n                  top: 0;\r\n                  left: 0;\r\n                  width: 100%;\r\n                  height: 100%;\r\n                }.td-single-image-style-outline .td_single_image_bg:after,\r\n                .td-single-image-style-bordered-shadow .td_single_image_bg:after,\r\n                .td-single-image-style-round-outline .td_single_image_bg:after,\r\n                .td-single-image-style-round-border-shadow .td_single_image_bg:after,\r\n                .td-single-image-style-circle-outline .td_single_image_bg:after,\r\n                .td-single-image-style-circle-border-shadow .td_single_image_bg:after{\r\n                  color: #fff;\r\n                  -webkit-box-shadow: inset 0px 0px 0px 6px;\r\n                  box-shadow: inset 0px 0px 0px 6px;\r\n                }.td-single-image-style-outline .td_single_image_bg:before,\r\n                .td-single-image-style-bordered-shadow .td_single_image_bg:before,\r\n                .td-single-image-style-round-outline .td_single_image_bg:before,\r\n                .td-single-image-style-round-border-shadow .td_single_image_bg:before,\r\n                .td-single-image-style-circle-outline .td_single_image_bg:before,\r\n                .td-single-image-style-circle-border-shadow .td_single_image_bg:before{\r\n                  color: #EBEBEB;\r\n                  -webkit-box-shadow: inset 0px 0px 0px 7px;\r\n                  box-shadow: inset 0px 0px 0px 7px;\r\n                }.td-single-image-style-shadow .td_single_image_bg,\r\n                .td-single-image-style-bordered-shadow .td_single_image_bg,\r\n                .td-single-image-style-round-shadow .td_single_image_bg,\r\n                .td-single-image-style-round-border-shadow .td_single_image_bg,\r\n                .td-single-image-style-circle-shadow .td_single_image_bg,\r\n                .td-single-image-style-circle-border-shadow .td_single_image_bg{\r\n                  -webkit-box-shadow: 0 0 6px rgba(0, 0, 0, 0.1);\r\n                  box-shadow: 0 0 6px rgba(0, 0, 0, 0.1);\r\n                }.td-single-image-style-3d-shadow{\r\n                  position: relative;\r\n                }.td-single-image-style-3d-shadow:before,\r\n                .td-single-image-style-3d-shadow:after{\r\n                  content: '';\r\n                  position: absolute;\r\n                  bottom: 0;\r\n                  height: 30%;\r\n                  -webkit-box-shadow: 0 15px 10px rgba(0, 0, 0, 0.6);\r\n                  box-shadow: 0 15px 10px rgba(0, 0, 0, 0.6);\r\n                  z-index: 0;\r\n                }.td-single-image-style-3d-shadow:before{\r\n                  left: 5px;\r\n                  right: 50%;\r\n                  -webkit-transform: skewY(-6deg);\r\n                  transform: skewY(-6deg);\r\n                  -webkit-transform-origin: 0 0;\r\n                  transform-origin: 0 0;\r\n                }.td-single-image-style-3d-shadow:after{\r\n                  left: 50%;\r\n                  right: 5px;\r\n                  -webkit-transform: skewY(6deg);\r\n                  transform: skewY(6deg);\r\n                  -webkit-transform-origin: 100% 0;\r\n                  transform-origin: 100% 0;\r\n                }.td-single-image-style-3d-shadow .td_single_image_bg{\r\n                  z-index: 1;\r\n                }.td-single-image-style-round,\r\n                .td-single-image-style-round-border,\r\n                .td-single-image-style-round-outline,\r\n                .td-single-image-style-round-shadow,\r\n                .td-single-image-style-round-border-shadow,\r\n                .td-single-image-style-circle,\r\n                .td-single-image-style-circle-border,\r\n                .td-single-image-style-circle-outline,\r\n                .td-single-image-style-circle-shadow,\r\n                .td-single-image-style-circle-border-shadow{\r\n                  border-radius: 50%;\r\n                }.td-single-image-style-round .td_single_image_bg,\r\n                .td-single-image-style-round-border .td_single_image_bg,\r\n                .td-single-image-style-round-outline .td_single_image_bg,\r\n                .td-single-image-style-round-shadow .td_single_image_bg,\r\n                .td-single-image-style-round-border-shadow .td_single_image_bg,\r\n                .td-single-image-style-circle .td_single_image_bg,\r\n                .td-single-image-style-circle-border .td_single_image_bg,\r\n                .td-single-image-style-circle-outline .td_single_image_bg,\r\n                .td-single-image-style-circle-shadow .td_single_image_bg,\r\n                .td-single-image-style-circle-border-shadow .td_single_image_bg,\r\n                .td-single-image-style-round .td_single_image_bg:before,\r\n                .td-single-image-style-round-border .td_single_image_bg:before,\r\n                .td-single-image-style-round-outline .td_single_image_bg:before,\r\n                .td-single-image-style-round-shadow .td_single_image_bg:before,\r\n                .td-single-image-style-round-border-shadow .td_single_image_bg:before,\r\n                .td-single-image-style-circle .td_single_image_bg:before,\r\n                .td-single-image-style-circle-border .td_single_image_bg:before,\r\n                .td-single-image-style-circle-outline .td_single_image_bg:before,\r\n                .td-single-image-style-circle-shadow .td_single_image_bg:before,\r\n                .td-single-image-style-circle-border-shadow .td_single_image_bg:before,\r\n                .td-single-image-style-round .td_single_image_bg:after,\r\n                .td-single-image-style-round-border .td_single_image_bg:after,\r\n                .td-single-image-style-round-outline .td_single_image_bg:after,\r\n                .td-single-image-style-round-shadow .td_single_image_bg:after,\r\n                .td-single-image-style-round-border-shadow .td_single_image_bg:after,\r\n                .td-single-image-style-circle .td_single_image_bg:after,\r\n                .td-single-image-style-circle-border .td_single_image_bg:after,\r\n                .td-single-image-style-circle-outline .td_single_image_bg:after,\r\n                .td-single-image-style-circle-shadow .td_single_image_bg:after,\r\n                .td-single-image-style-circle-border-shadow .td_single_image_bg:after{\r\n                  border-radius: 50%;\r\n                }.td-single-image-style-round-outline .td_single_image_bg:before,\r\n                .td-single-image-style-round-border-shadow .td_single_image_bg:before,\r\n                .td-single-image-style-circle-outline .td_single_image_bg:before,\r\n                .td-single-image-style-circle-border-shadow .td_single_image_bg:before,\r\n                .td-single-image-style-round-outline .td_single_image_bg:before:before,\r\n                .td-single-image-style-round-border-shadow .td_single_image_bg:before:before,\r\n                .td-single-image-style-circle-outline .td_single_image_bg:before:before,\r\n                .td-single-image-style-circle-border-shadow .td_single_image_bg:before:before,\r\n                .td-single-image-style-round-outline .td_single_image_bg:after:before,\r\n                .td-single-image-style-round-border-shadow .td_single_image_bg:after:before,\r\n                .td-single-image-style-circle-outline .td_single_image_bg:after:before,\r\n                .td-single-image-style-circle-border-shadow .td_single_image_bg:after:before,\r\n                .td-single-image-style-round-outline .td_single_image_bg:after,\r\n                .td-single-image-style-round-border-shadow .td_single_image_bg:after,\r\n                .td-single-image-style-circle-outline .td_single_image_bg:after,\r\n                .td-single-image-style-circle-border-shadow .td_single_image_bg:after,\r\n                .td-single-image-style-round-outline .td_single_image_bg:before:after,\r\n                .td-single-image-style-round-border-shadow .td_single_image_bg:before:after,\r\n                .td-single-image-style-circle-outline .td_single_image_bg:before:after,\r\n                .td-single-image-style-circle-border-shadow .td_single_image_bg:before:after,\r\n                .td-single-image-style-round-outline .td_single_image_bg:after:after,\r\n                .td-single-image-style-round-border-shadow .td_single_image_bg:after:after,\r\n                .td-single-image-style-circle-outline .td_single_image_bg:after:after,\r\n                .td-single-image-style-circle-border-shadow .td_single_image_bg:after:after{\r\n                  border-radius: 50%;\r\n                }.td-single-image-style-circle .td_single_image_bg,\r\n                .td-single-image-style-circle-border .td_single_image_bg,\r\n                .td-single-image-style-circle-outline .td_single_image_bg,\r\n                .td-single-image-style-circle-shadow .td_single_image_bg,\r\n                .td-single-image-style-circle-border-shadow .td_single_image_bg{\r\n                  height: 0;\r\n                  padding-bottom: 100%;\r\n                }.vc_single_image .td_single_image_bg{\r\n                  width: 100%;\r\n                  display: block;\r\n                  background-size: cover;\r\n                }.tdi_12 .td_single_image_bg{\r\n\t\t\t\t\theight: 315px;\r\n\t\t\t\t\tpadding-bottom: 0;\r\n\t\t\t\t\r\n\t\t\t\tbackground-size: contain;\r\n\t\t\t\t\r\n                background-repeat: no-repeat;\r\n\t\t\t\t\r\n                background-position: center top;\r\n\t\t\t\t}body .tdi_12{\r\n\t\t\t\t\twidth: 85%;\r\n\t\t\t\t}.tdi_12:hover .td_single_image_bg:before{\r\n                    opacity: 0;\r\n                }@media (max-width: 767px) {\r\n                  .td-stretch-content .td_block_single_image {\r\n                    margin-right: -20px;\r\n                    margin-left: -20px;\r\n                  }\r\n                }@media (max-width: 767px) {\r\n                  .td-single-image-style-border,\r\n                  .td-single-image-style-round-border,\r\n                  .td-single-image-style-circle-border,\r\n                  .td-single-image-style-outline,\r\n                  .td-single-image-style-bordered-shadow,\r\n                  .td-single-image-style-round-outline,\r\n                  .td-single-image-style-round-border-shadow,\r\n                  .td-single-image-style-circle-outline,\r\n                  .td-single-image-style-circle-border-shadow {\r\n                    margin-bottom: 32px;\r\n                  }\r\n                }\n<\/style><\/div><div class=\"wpb_wrapper td_block_single_image td_block_wrap  td-animation-stack td_block_wrap vc_single_image tdi_13  td-single-image- td-pb-border-top td_block_template_1 \"  data-td-block-uid=\"tdi_13\"><span \r\n                            class=\"td_single_image_bg td-lazy-img\" \r\n                            data-type=\"css_image\" \r\n                            data-img-url=\"https:\/\/instel-ing.com\/wp-content\/uploads\/2023\/12\/QS.png\"  ><\/span>\n<style>\n\/* custom css - generated by TagDiv Composer *\/\n.tdi_13 .td_single_image_bg{\r\n\t\t\t\t\theight: 370px;\r\n\t\t\t\t\tpadding-bottom: 0;\r\n\t\t\t\t\r\n\t\t\t\tbackground-size: contain;\r\n\t\t\t\t\r\n                background-repeat: no-repeat;\r\n\t\t\t\t\r\n                background-position: center top;\r\n\t\t\t\t}body .tdi_13{\r\n\t\t\t\t\twidth: 100%;\r\n\t\t\t\t}.tdi_13:hover .td_single_image_bg:before{\r\n                    opacity: 0;\r\n                }\n<\/style><\/div><\/div><\/div><\/div><\/div><div id=\"tdi_14\" class=\"tdc-row\"><div class=\"vc_row tdi_15  wpb_row td-pb-row\" >\n<style scoped>\n\/* custom css - generated by TagDiv Composer *\/\n\n\/* custom css - generated by TagDiv Composer *\/\n.tdi_15,\r\n                .tdi_15 .tdc-columns{\r\n                    min-height: 0;\r\n                }.tdi_15,\r\n\t\t\t\t.tdi_15 .tdc-columns{\r\n\t\t\t\t    display: block;\r\n\t\t\t\t}.tdi_15 .tdc-columns{\r\n\t\t\t\t    width: 100%;\r\n\t\t\t\t}.tdi_15:before,\r\n\t\t\t\t.tdi_15:after{\r\n\t\t\t\t    display: table;\r\n\t\t\t\t}\n<\/style><div class=\"vc_column tdi_17  wpb_column vc_column_container tdc-column td-pb-span12\">\n<style scoped>\n\/* custom css - generated by TagDiv Composer *\/\n\n\/* custom css - generated by TagDiv Composer *\/\n.tdi_17{\r\n                    vertical-align: baseline;\r\n                }.tdi_17 > .wpb_wrapper,\r\n\t\t\t\t.tdi_17 > .wpb_wrapper > .tdc-elements{\r\n\t\t\t\t    display: block;\r\n\t\t\t\t}.tdi_17 > .wpb_wrapper > .tdc-elements{\r\n\t\t\t\t    width: 100%;\r\n\t\t\t\t}.tdi_17 > .wpb_wrapper > .vc_row_inner{\r\n\t\t\t\t    width: auto;\r\n\t\t\t\t}.tdi_17 > .wpb_wrapper{\r\n\t\t\t\t    width: auto;\r\n\t\t\t\t    height: auto;\r\n\t\t\t\t}\n<\/style><div class=\"wpb_wrapper\" ><\/div><\/div><\/div><\/div><\/div><\/div>","protected":false},"excerpt":{"rendered":"","protected":false},"author":2,"featured_media":0,"parent":0,"menu_order":0,"comment_status":"closed","ping_status":"closed","template":"","meta":{"tdm_status":"","tdm_grid_status":"","footnotes":""},"class_list":["post-1257","page","type-page","status-publish","hentry"],"amp_enabled":true,"_links":{"self":[{"href":"https:\/\/instel-ing.com\/index.php?rest_route=\/wp\/v2\/pages\/1257","targetHints":{"allow":["GET"]}}],"collection":[{"href":"https:\/\/instel-ing.com\/index.php?rest_route=\/wp\/v2\/pages"}],"about":[{"href":"https:\/\/instel-ing.com\/index.php?rest_route=\/wp\/v2\/types\/page"}],"author":[{"embeddable":true,"href":"https:\/\/instel-ing.com\/index.php?rest_route=\/wp\/v2\/users\/2"}],"replies":[{"embeddable":true,"href":"https:\/\/instel-ing.com\/index.php?rest_route=%2Fwp%2Fv2%2Fcomments&post=1257"}],"version-history":[{"count":13,"href":"https:\/\/instel-ing.com\/index.php?rest_route=\/wp\/v2\/pages\/1257\/revisions"}],"predecessor-version":[{"id":1811,"href":"https:\/\/instel-ing.com\/index.php?rest_route=\/wp\/v2\/pages\/1257\/revisions\/1811"}],"wp:attachment":[{"href":"https:\/\/instel-ing.com\/index.php?rest_route=%2Fwp%2Fv2%2Fmedia&parent=1257"}],"curies":[{"name":"wp","href":"https:\/\/api.w.org\/{rel}","templated":true}]}}